{"id":8531,"date":"2023-07-20T22:47:01","date_gmt":"2023-07-20T22:47:01","guid":{"rendered":"https:\/\/escoletakoala.es\/embaras\/centre1mes\/"},"modified":"2023-07-20T22:47:03","modified_gmt":"2023-07-20T22:47:03","slug":"centre1mes","status":"publish","type":"page","link":"https:\/\/escoletakoala.es\/ca\/embaras\/centre1mes\/","title":{"rendered":"Centre 1m\u00e9s"},"content":{"rendered":"<section class=\"wpb-content-wrapper\"><p>[vc_row][vc_column width=&#8221;1\/2&#8243;][vc_column_text]Elisabet Reynes, llevadora, instructora m\u00e8tode AIPAP, professora de Ioga durant l&#8217;embar\u00e0s i la crian\u00e7a. Cofundadora i directora sanit\u00e0ria del Centre 1M\u00e9s.[\/vc_column_text][vc_btn title=&#8221;Visita el meu Instagram&#8221; style=&#8221;gradient&#8221; gradient_color_1=&#8221;violet&#8221; gradient_color_2=&#8221;pink&#8221; i_icon_fontawesome=&#8221;fab fa-instagram&#8221; add_icon=&#8221;true&#8221; link=&#8221;url:https%3A%2F%2Fwww.instagram.com%2Fcentre1mes%2F|title:Matrones%20Palma|target:_blank|rel:nofollow|&#8221;][vc_btn title=&#8221;Visita el meu Facebook&#8221; style=&#8221;gradient&#8221; gradient_color_1=&#8221;blue&#8221; gradient_color_2=&#8221;sky&#8221; i_icon_fontawesome=&#8221;fab fa-facebook-f&#8221; add_icon=&#8221;true&#8221; link=&#8221;url:https%3A%2F%2Fwww.facebook.com%2Fcentre1mes%2F|title:Centre%201%20M%C3%A9s|target:_blank|rel:nofollow|&#8221;][vc_message]<strong>Email<\/strong> : centre1mes@gmail.com[\/vc_message][vc_gmaps link=&#8221;#E-8_JTNDaWZyYW1lJTIwc3JjJTNEJTIyaHR0cHMlM0ElMkYlMkZ3d3cuZ29vZ2xlLmNvbSUyRm1hcHMlMkZlbWJlZCUzRnBiJTNEJTIxMW0xNCUyMTFtOCUyMTFtMyUyMTFkMTIzMDAuNTIxMDQ5NDEzMDQ0JTIxMmQyLjY2MzkwMTIlMjEzZDM5LjU3OTIxNDUlMjEzbTIlMjExaTEwMjQlMjEyaTc2OCUyMTRmMTMuMSUyMTNtMyUyMTFtMiUyMTFzMHgwJTI1M0EweGQwYTM1ODZkNjhiYTM3MTYlMjEyc0NlbnRyZSUyNTIwMSUyNTIwbWVzJTIxNWUwJTIxM20yJTIxMXNlcyUyMTJzZXMlMjE0djE2MTcxMTczMzU3NzIlMjE1bTIlMjExc2VzJTIxMnNlcyUyMiUyMHdpZHRoJTNEJTIyNjAwJTIyJTIwaGVpZ2h0JTNEJTIyNDUwJTIyJTIwc3R5bGUlM0QlMjJib3JkZXIlM0EwJTNCJTIyJTIwYWxsb3dmdWxsc2NyZWVuJTNEJTIyJTIyJTIwbG9hZGluZyUzRCUyMmxhenklMjIlM0UlM0MlMkZpZnJhbWUlM0U=&#8221; title=&#8221;On trobar-nos?&#8221;][\/vc_column][vc_column width=&#8221;1\/2&#8243;][vc_raw_html]PGJsb2NrcXVvdGUgY2xhc3M9Imluc3RhZ3JhbS1tZWRpYSIgZGF0YS1pbnN0Z3JtLWNhcHRpb25lZD0iIiBkYXRhLWluc3Rncm0tcGVybWFsaW5rPSJodHRwczovL3d3dy5pbnN0YWdyYW0uY29tL3AvQjdRZGdVamxMT04vP3V0bV9zb3VyY2U9aWdfZW1iZWQmYW1wO3V0bV9jYW1wYWlnbj1sb2FkaW5nIiBkYXRhLWluc3Rncm0tdmVyc2lvbj0iMTMiIHN0eWxlPSIgIGJhY2tncm91bmQ6I0ZGRjsgYm9yZGVyOjA7IGJvcmRlci1yYWRpdXM6M3B4OyBib3gtc2hhZG93OjAgMCAxcHggMCByZ2JhKDAsMCwwLDAuNSksMCAxcHggMTBweCAwIHJnYmEoMCwwLDAsMC4xNSk7IG1hcmdpbjogMXB4OyBtYXgtd2lkdGg6NTQwcHg7IG1pbi13aWR0aDozMjZweDsgcGFkZGluZzowOyB3aWR0aDo5OS4zNzUlOyB3aWR0aDotd2Via2l0LWNhbGMoMTAwJSAtIDJweCk7IHdpZHRoOmNhbGMoMTAwJSAtIDJweCk7Ij48ZGl2IHN0eWxlPSJwYWRkaW5nOjE2cHg7Ij4gPGEgaHJlZj0iaHR0cHM6Ly93d3cuaW5zdGFncmFtLmNvbS9wL0I3UWRnVWpsTE9OLz91dG1fc291cmNlPWlnX2VtYmVkJmFtcDt1dG1fY2FtcGFpZ249bG9hZGluZyIgc3R5bGU9IiAgYmFja2dyb3VuZDojRkZGRkZGOyBsaW5lLWhlaWdodDowOyBwYWRkaW5nOjAgMDsgdGV4dC1hbGlnbjpjZW50ZXI7IHRleHQtZGVjb3JhdGlvbjpub25lOyB3aWR0aDoxMDAlOyIgdGFyZ2V0PSJfYmxhbmsiPiA8ZGl2IHN0eWxlPSIgIGRpc3BsYXk6IGZsZXg7IGZsZXgtZGlyZWN0aW9uOiByb3c7IGFsaWduLWl0ZW1zOiBjZW50ZXI7Ij4gPGRpdiBzdHlsZT0iYmFja2dyb3VuZC1jb2xvcjogI0Y0RjRGNDsgYm9yZGVyLXJhZGl1czogNTAlOyBmbGV4LWdyb3c6IDA7IGhlaWdodDogNDBweDsgbWFyZ2luLXJpZ2h0OiAxNHB4OyB3aWR0aDogNDBweDsiPjwvZGl2PiA8ZGl2IHN0eWxlPSJkaXNwbGF5OiBmbGV4OyBmbGV4LWRpcmVjdGlvbjogY29sdW1uOyBmbGV4LWdyb3c6IDE7IGp1c3RpZnktY29udGVudDogY2VudGVyOyI+IDxkaXYgc3R5bGU9IiAgYmFja2dyb3VuZC1jb2xvcjogI0Y0RjRGNDsgYm9yZGVyLXJhZGl1czogNHB4OyBmbGV4LWdyb3c6IDA7IGhlaWdodDogMTRweDsgbWFyZ2luLWJvdHRvbTogNnB4OyB3aWR0aDogMTAwcHg7Ij48L2Rpdj4gPGRpdiBzdHlsZT0iICBiYWNrZ3JvdW5kLWNvbG9yOiAjRjRGNEY0OyBib3JkZXItcmFkaXVzOiA0cHg7IGZsZXgtZ3JvdzogMDsgaGVpZ2h0OiAxNHB4OyB3aWR0aDogNjBweDsiPjwvZGl2PjwvZGl2PjwvZGl2PjxkaXYgc3R5bGU9InBhZGRpbmc6IDE5JSAwOyI+PC9kaXY+IDxkaXYgc3R5bGU9ImRpc3BsYXk6YmxvY2s7IGhlaWdodDo1MHB4OyBtYXJnaW46MCBhdXRvIDEycHg7IHdpZHRoOjUwcHg7Ij48c3ZnIHdpZHRoPSI1MHB4IiBoZWlnaHQ9IjUwcHgiIHZpZXdib3g9IjAgMCA2MCA2MCIgdmVyc2lvbj0iMS4xIiB4bWxucz0iaHR0cHM6Ly93d3cudzMub3JnLzIwMDAvc3ZnIiB4bWxuczp4bGluaz0iaHR0cHM6Ly93d3cudzMub3JnLzE5OTkveGxpbmsiPjxnIHN0cm9rZT0ibm9uZSIgc3Ryb2tlLXdpZHRoPSIxIiBmaWxsPSJub25lIiBmaWxsLXJ1bGU9ImV2ZW5vZGQiPjxnIHRyYW5zZm9ybT0idHJhbnNsYXRlKC01MTEuMDAwMDAwLCAtMjAuMDAwMDAwKSIgZmlsbD0iIzAwMDAwMCI+PGc+PHBhdGggZD0iTTU1Ni44NjksMzAuNDEgQzU1NC44MTQsMzAuNDEgNTUzLjE0OCwzMi4wNzYgNTUzLjE0OCwzNC4xMzEgQzU1My4xNDgsMzYuMTg2IDU1NC44MTQsMzcuODUyIDU1Ni44NjksMzcuODUyIEM1NTguOTI0LDM3Ljg1MiA1NjAuNTksMzYuMTg2IDU2MC41OSwzNC4xMzEgQzU2MC41OSwzMi4wNzYgNTU4LjkyNCwzMC40MSA1NTYuODY5LDMwLjQxIE01NDEsNjAuNjU3IEM1MzUuMTE0LDYwLjY1NyA1MzAuMzQyLDU1Ljg4NyA1MzAuMzQyLDUwIEM1MzAuMzQyLDQ0LjExNCA1MzUuMTE0LDM5LjM0MiA1NDEsMzkuMzQyIEM1NDYuODg3LDM5LjM0MiA1NTEuNjU4LDQ0LjExNCA1NTEuNjU4LDUwIEM1NTEuNjU4LDU1Ljg4NyA1NDYuODg3LDYwLjY1NyA1NDEsNjAuNjU3IE01NDEsMzMuODg2IEM1MzIuMSwzMy44ODYgNTI0Ljg4Niw0MS4xIDUyNC44ODYsNTAgQzUyNC44ODYsNTguODk5IDUzMi4xLDY2LjExMyA1NDEsNjYuMTEzIEM1NDkuOSw2Ni4xMTMgNTU3LjExNSw1OC44OTkgNTU3LjExNSw1MCBDNTU3LjExNSw0MS4xIDU0OS45LDMzLjg4NiA1NDEsMzMuODg2IE01NjUuMzc4LDYyLjEwMSBDNTY1LjI0NCw2NS4wMjIgNTY0Ljc1Niw2Ni42MDYgNTY0LjM0Niw2Ny42NjMgQzU2My44MDMsNjkuMDYgNTYzLjE1NCw3MC4wNTcgNTYyLjEwNiw3MS4xMDYgQzU2MS4wNTgsNzIuMTU1IDU2MC4wNiw3Mi44MDMgNTU4LjY2Miw3My4zNDcgQzU1Ny42MDcsNzMuNzU3IDU1Ni4wMjEsNzQuMjQ0IDU1My4xMDIsNzQuMzc4IEM1NDkuOTQ0LDc0LjUyMSA1NDguOTk3LDc0LjU1MiA1NDEsNzQuNTUyIEM1MzMuMDAzLDc0LjU1MiA1MzIuMDU2LDc0LjUyMSA1MjguODk4LDc0LjM3OCBDNTI1Ljk3OSw3NC4yNDQgNTI0LjM5Myw3My43NTcgNTIzLjMzOCw3My4zNDcgQzUyMS45NCw3Mi44MDMgNTIwLjk0Miw3Mi4xNTUgNTE5Ljg5NCw3MS4xMDYgQzUxOC44NDYsNzAuMDU3IDUxOC4xOTcsNjkuMDYgNTE3LjY1NCw2Ny42NjMgQzUxNy4yNDQsNjYuNjA2IDUxNi43NTUsNjUuMDIyIDUxNi42MjMsNjIuMTAxIEM1MTYuNDc5LDU4Ljk0MyA1MTYuNDQ4LDU3Ljk5NiA1MTYuNDQ4LDUwIEM1MTYuNDQ4LDQyLjAwMyA1MTYuNDc5LDQxLjA1NiA1MTYuNjIzLDM3Ljg5OSBDNTE2Ljc1NSwzNC45NzggNTE3LjI0NCwzMy4zOTEgNTE3LjY1NCwzMi4zMzggQzUxOC4xOTcsMzAuOTM4IDUxOC44NDYsMjkuOTQyIDUxOS44OTQsMjguODk0IEM1MjAuOTQyLDI3Ljg0NiA1MjEuOTQsMjcuMTk2IDUyMy4zMzgsMjYuNjU0IEM1MjQuMzkzLDI2LjI0NCA1MjUuOTc5LDI1Ljc1NiA1MjguODk4LDI1LjYyMyBDNTMyLjA1NywyNS40NzkgNTMzLjAwNCwyNS40NDggNTQxLDI1LjQ0OCBDNTQ4Ljk5NywyNS40NDggNTQ5Ljk0MywyNS40NzkgNTUzLjEwMiwyNS42MjMgQzU1Ni4wMjEsMjUuNzU2IDU1Ny42MDcsMjYuMjQ0IDU1OC42NjIsMjYuNjU0IEM1NjAuMDYsMjcuMTk2IDU2MS4wNTgsMjcuODQ2IDU2Mi4xMDYsMjguODk0IEM1NjMuMTU0LDI5Ljk0MiA1NjMuODAzLDMwLjkzOCA1NjQuMzQ2LDMyLjMzOCBDNTY0Ljc1NiwzMy4zOTEgNTY1LjI0NCwzNC45NzggNTY1LjM3OCwzNy44OTkgQzU2NS41MjIsNDEuMDU2IDU2NS41NTIsNDIuMDAzIDU2NS41NTIsNTAgQzU2NS41NTIsNTcuOTk2IDU2NS41MjIsNTguOTQzIDU2NS4zNzgsNjIuMTAxIE01NzAuODIsMzcuNjMxIEM1NzAuNjc0LDM0LjQzOCA1NzAuMTY3LDMyLjI1OCA1NjkuNDI1LDMwLjM0OSBDNTY4LjY1OSwyOC4zNzcgNTY3LjYzMywyNi43MDIgNTY1Ljk2NSwyNS4wMzUgQzU2NC4yOTcsMjMuMzY4IDU2Mi42MjMsMjIuMzQyIDU2MC42NTIsMjEuNTc1IEM1NTguNzQzLDIwLjgzNCA1NTYuNTYyLDIwLjMyNiA1NTMuMzY5LDIwLjE4IEM1NTAuMTY5LDIwLjAzMyA1NDkuMTQ4LDIwIDU0MSwyMCBDNTMyLjg1MywyMCA1MzEuODMxLDIwLjAzMyA1MjguNjMxLDIwLjE4IEM1MjUuNDM4LDIwLjMyNiA1MjMuMjU3LDIwLjgzNCA1MjEuMzQ5LDIxLjU3NSBDNTE5LjM3NiwyMi4zNDIgNTE3LjcwMywyMy4zNjggNTE2LjAzNSwyNS4wMzUgQzUxNC4zNjgsMjYuNzAyIDUxMy4zNDIsMjguMzc3IDUxMi41NzQsMzAuMzQ5IEM1MTEuODM0LDMyLjI1OCA1MTEuMzI2LDM0LjQzOCA1MTEuMTgxLDM3LjYzMSBDNTExLjAzNSw0MC44MzEgNTExLDQxLjg1MSA1MTEsNTAgQzUxMSw1OC4xNDcgNTExLjAzNSw1OS4xNyA1MTEuMTgxLDYyLjM2OSBDNTExLjMyNiw2NS41NjIgNTExLjgzNCw2Ny43NDMgNTEyLjU3NCw2OS42NTEgQzUxMy4zNDIsNzEuNjI1IDUxNC4zNjgsNzMuMjk2IDUxNi4wMzUsNzQuOTY1IEM1MTcuNzAzLDc2LjYzNCA1MTkuMzc2LDc3LjY1OCA1MjEuMzQ5LDc4LjQyNSBDNTIzLjI1Nyw3OS4xNjcgNTI1LjQzOCw3OS42NzMgNTI4LjYzMSw3OS44MiBDNTMxLjgzMSw3OS45NjUgNTMyLjg1Myw4MC4wMDEgNTQxLDgwLjAwMSBDNTQ5LjE0OCw4MC4wMDEgNTUwLjE2OSw3OS45NjUgNTUzLjM2OSw3OS44MiBDNTU2LjU2Miw3OS42NzMgNTU4Ljc0Myw3OS4xNjcgNTYwLjY1Miw3OC40MjUgQzU2Mi42MjMsNzcuNjU4IDU2NC4yOTcsNzYuNjM0IDU2NS45NjUsNzQuOTY1IEM1NjcuNjMzLDczLjI5NiA1NjguNjU5LDcxLjYyNSA1NjkuNDI1LDY5LjY1MSBDNTcwLjE2Nyw2Ny43NDMgNTcwLjY3NCw2NS41NjIgNTcwLjgyLDYyLjM2OSBDNTcwLjk2Niw1OS4xNyA1NzEsNTguMTQ3IDU3MSw1MCBDNTcxLDQxLjg1MSA1NzAuOTY2LDQwLjgzMSA1NzAuODIsMzcuNjMxIj48L3BhdGg+PC9wYXRoPjwvZz48L2c+PC9nPjwvc3ZnPjwvZGl2PjxkaXYgc3R5bGU9InBhZGRpbmctdG9wOiA4cHg7Ij4gPGRpdiBzdHlsZT0iICBjb2xvcjojMzg5N2YwOyBmb250LWZhbWlseTpBcmlhbCxzYW5zLXNlcmlmOyBmb250LXNpemU6MTRweDsgZm9udC1zdHlsZTpub3JtYWw7IGZvbnQtd2VpZ2h0OjU1MDsgbGluZS1oZWlnaHQ6MThweDsiPiAgVmV1cmUgYXF1ZXN0YSBwdWJsaWNhY2nDsyBhIEluc3RhZ3JhbTwvZGl2PjwvZGl2PjxkaXYgc3R5bGU9InBhZGRpbmc6IDEyLjUlIDA7Ij48L2Rpdj4gPGRpdiBzdHlsZT0iZGlzcGxheTogZmxleDsgZmxleC1kaXJlY3Rpb246IHJvdzsgbWFyZ2luLWJvdHRvbTogMTRweDsgYWxpZ24taXRlbXM6IGNlbnRlcjsiPjxkaXY+IDxkaXYgc3R5bGU9ImJhY2tncm91bmQtY29sb3I6ICNGNEY0RjQ7IGJvcmRlci1yYWRpdXM6IDUwJTsgaGVpZ2h0OiAxMi41cHg7IHdpZHRoOiAxMi41cHg7IHRyYW5zZm9ybTogdHJhbnNsYXRlWCgwcHgpIHRyYW5zbGF0ZVkoN3B4KTsiPjwvZGl2PiA8ZGl2IHN0eWxlPSJiYWNrZ3JvdW5kLWNvbG9yOiAjRjRGNEY0OyBoZWlnaHQ6IDEyLjVweDsgdHJhbnNmb3JtOiByb3RhdGUoLTQ1ZGVnKSB0cmFuc2xhdGVYKDNweCkgdHJhbnNsYXRlWSgxcHgpOyB3aWR0aDogMTIuNXB4OyBmbGV4LWdyb3c6IDA7IG1hcmdpbi1yaWdodDogMTRweDsgbWFyZ2luLWxlZnQ6IDJweDsiPjwvZGl2PiA8ZGl2IHN0eWxlPSJiYWNrZ3JvdW5kLWNvbG9yOiAjRjRGNEY0OyBib3JkZXItcmFkaXVzOiA1MCU7IGhlaWdodDogMTIuNXB4OyB3aWR0aDogMTIuNXB4OyB0cmFuc2Zvcm06IHRyYW5zbGF0ZVgoOXB4KSB0cmFuc2xhdGVZKC0xOHB4KTsiPjwvZGl2PjwvZGl2PjxkaXYgc3R5bGU9Im1hcmdpbi1sZWZ0OiA4cHg7Ij4gPGRpdiBzdHlsZT0iICBiYWNrZ3JvdW5kLWNvbG9yOiAjRjRGNEY0OyBib3JkZXItcmFkaXVzOiA1MCU7IGZsZXgtZ3JvdzogMDsgaGVpZ2h0OiAyMHB4OyB3aWR0aDogMjBweDsiPjwvZGl2PiA8ZGl2IHN0eWxlPSIgIHdpZHRoOiAwOyBoZWlnaHQ6IDA7IGJvcmRlci10b3A6IDJweCBzb2xpZCB0cmFuc3BhcmVudDsgYm9yZGVyLWxlZnQ6IDZweCBzb2xpZCAjZjRmNGY0OyBib3JkZXItYm90dG9tOiAycHggc29saWQgdHJhbnNwYXJlbnQ7IHRyYW5zZm9ybTogdHJhbnNsYXRlWCgxNnB4KSB0cmFuc2xhdGVZKC00cHgpIHJvdGF0ZSgzMGRlZykiPjwvZGl2PjwvZGl2PjxkaXYgc3R5bGU9Im1hcmdpbi1sZWZ0OiBhdXRvOyI+IDxkaXYgc3R5bGU9IiAgd2lkdGg6IDBweDsgYm9yZGVyLXRvcDogOHB4IHNvbGlkICNGNEY0RjQ7IGJvcmRlci1yaWdodDogOHB4IHNvbGlkIHRyYW5zcGFyZW50OyB0cmFuc2Zvcm06IHRyYW5zbGF0ZVkoMTZweCk7Ij48L2Rpdj4gPGRpdiBzdHlsZT0iICBiYWNrZ3JvdW5kLWNvbG9yOiAjRjRGNEY0OyBmbGV4LWdyb3c6IDA7IGhlaWdodDogMTJweDsgd2lkdGg6IDE2cHg7IHRyYW5zZm9ybTogdHJhbnNsYXRlWSgtNHB4KTsiPjwvZGl2PiA8ZGl2IHN0eWxlPSIgIHdpZHRoOiAwOyBoZWlnaHQ6IDA7IGJvcmRlci10b3A6IDhweCBzb2xpZCAjRjRGNEY0OyBib3JkZXItbGVmdDogOHB4IHNvbGlkIHRyYW5zcGFyZW50OyB0cmFuc2Zvcm06IHRyYW5zbGF0ZVkoLTRweCkgdHJhbnNsYXRlWCg4cHgpOyI+PC9kaXY+PC9kaXY+PC9kaXY+IDxkaXYgc3R5bGU9ImRpc3BsYXk6IGZsZXg7IGZsZXgtZGlyZWN0aW9uOiBjb2x1bW47IGZsZXgtZ3JvdzogMTsganVzdGlmeS1jb250ZW50OiBjZW50ZXI7IG1hcmdpbi1ib3R0b206IDI0cHg7Ij4gPGRpdiBzdHlsZT0iICBiYWNrZ3JvdW5kLWNvbG9yOiAjRjRGNEY0OyBib3JkZXItcmFkaXVzOiA0cHg7IGZsZXgtZ3JvdzogMDsgaGVpZ2h0OiAxNHB4OyBtYXJnaW4tYm90dG9tOiA2cHg7IHdpZHRoOiAyMjRweDsiPjwvZGl2PiA8ZGl2IHN0eWxlPSIgIGJhY2tncm91bmQtY29sb3I6ICNGNEY0RjQ7IGJvcmRlci1yYWRpdXM6IDRweDsgZmxleC1ncm93OiAwOyBoZWlnaHQ6IDE0cHg7IHdpZHRoOiAxNDRweDsiPjwvZGl2PjwvZGl2PjwvYT48cCBzdHlsZT0iICBjb2xvcjojYzljOGNkOyBmb250LWZhbWlseTpBcmlhbCxzYW5zLXNlcmlmOyBmb250LXNpemU6MTRweDsgbGluZS1oZWlnaHQ6MTdweDsgbWFyZ2luLWJvdHRvbTowOyBtYXJnaW4tdG9wOjhweDsgb3ZlcmZsb3c6aGlkZGVuOyBwYWRkaW5nOjhweCAwIDdweDsgdGV4dC1hbGlnbjpjZW50ZXI7IHRleHQtb3ZlcmZsb3c6ZWxsaXBzaXM7IHdoaXRlLXNwYWNlOm5vd3JhcDsiPjxhIGhyZWY9Imh0dHBzOi8vd3d3Lmluc3RhZ3JhbS5jb20vcC9CN1FkZ1VqbExPTi8\/dXRtX3NvdXJjZT1pZ19lbWJlZCZhbXA7dXRtX2NhbXBhaWduPWxvYWRpbmciIHN0eWxlPSIgIGNvbG9yOiNjOWM4Y2Q7IGZvbnQtZmFtaWx5OkFyaWFsLHNhbnMtc2VyaWY7IGZvbnQtc2l6ZToxNHB4OyBmb250LXN0eWxlOm5vcm1hbDsgZm9udC13ZWlnaHQ6bm9ybWFsOyBsaW5lLWhlaWdodDoxN3B4OyB0ZXh0LWRlY29yYXRpb246bm9uZTsiIHRhcmdldD0iX2JsYW5rIj5VbmEgcHVibGljYWNpw7MgY29tcGFydGlkYSBkZSBDZW50cmUgMSBtw6lzIChAY2VudHJlMW1lcyk8L2E+PC9wPjwvZGl2PjwvYmxvY2txdW90ZT4gPHNjcmlwdCBhc3luYz0iIiBzcmM9Ii8vd3d3Lmluc3RhZ3JhbS5jb20vZW1iZWQuanMiPjwvc2NyaXB0Pg==[\/vc_raw_html][\/vc_column][\/vc_row][vc_row][vc_column width=&#8221;1\/2&#8243;][vc_single_image image=&#8221;5955&#8243; img_size=&#8221;full&#8221; css_animation=&#8221;fadeInRight&#8221;][\/vc_column][vc_column width=&#8221;1\/2&#8243;][\/vc_column][\/vc_row]<\/p>\n<\/section>","protected":false},"excerpt":{"rendered":"<p>[vc_row][vc_column width=&#8221;1\/2&#8243;][vc_column_text]Elisabet Reynes, llevadora, instructora m\u00e8tode AIPAP, professora de Ioga durant l&#8217;embar\u00e0s i la crian\u00e7a. Cofundadora i directora sanit\u00e0ria del Centre 1M\u00e9s.[\/vc_column_text][vc_btn title=&#8221;Visita el meu Instagram&#8221; style=&#8221;gradient&#8221; gradient_color_1=&#8221;violet&#8221; gradient_color_2=&#8221;pink&#8221; i_icon_fontawesome=&#8221;fab [&hellip;]<\/p>\n","protected":false},"author":1,"featured_media":8242,"parent":8459,"menu_order":0,"comment_status":"closed","ping_status":"closed","template":"","meta":{"_price":"","_stock":"","_tribe_ticket_header":"","_tribe_default_ticket_provider":"","_tribe_ticket_capacity":"0","_ticket_start_date":"","_ticket_end_date":"","_tribe_ticket_show_description":"","_tribe_ticket_show_not_going":false,"_tribe_ticket_use_global_stock":"","_tribe_ticket_global_stock_level":"","_global_stock_mode":"","_global_stock_cap":"","_tribe_rsvp_for_event":"","_tribe_ticket_going_count":"","_tribe_ticket_not_going_count":"","_tribe_tickets_list":"[]","_tribe_ticket_has_attendee_info_fields":false,"footnotes":""},"class_list":["post-8531","page","type-page","status-publish","has-post-thumbnail","hentry"],"_links":{"self":[{"href":"https:\/\/escoletakoala.es\/ca\/wp-json\/wp\/v2\/pages\/8531","targetHints":{"allow":["GET"]}}],"collection":[{"href":"https:\/\/escoletakoala.es\/ca\/wp-json\/wp\/v2\/pages"}],"about":[{"href":"https:\/\/escoletakoala.es\/ca\/wp-json\/wp\/v2\/types\/page"}],"author":[{"embeddable":true,"href":"https:\/\/escoletakoala.es\/ca\/wp-json\/wp\/v2\/users\/1"}],"replies":[{"embeddable":true,"href":"https:\/\/escoletakoala.es\/ca\/wp-json\/wp\/v2\/comments?post=8531"}],"version-history":[{"count":1,"href":"https:\/\/escoletakoala.es\/ca\/wp-json\/wp\/v2\/pages\/8531\/revisions"}],"predecessor-version":[{"id":8539,"href":"https:\/\/escoletakoala.es\/ca\/wp-json\/wp\/v2\/pages\/8531\/revisions\/8539"}],"up":[{"embeddable":true,"href":"https:\/\/escoletakoala.es\/ca\/wp-json\/wp\/v2\/pages\/8459"}],"wp:featuredmedia":[{"embeddable":true,"href":"https:\/\/escoletakoala.es\/ca\/wp-json\/wp\/v2\/media\/8242"}],"wp:attachment":[{"href":"https:\/\/escoletakoala.es\/ca\/wp-json\/wp\/v2\/media?parent=8531"}],"curies":[{"name":"wp","href":"https:\/\/api.w.org\/{rel}","templated":true}]}}