{"id":8336,"date":"2023-07-20T22:19:41","date_gmt":"2023-07-20T22:19:41","guid":{"rendered":"https:\/\/escoletakoala.es\/contacte\/"},"modified":"2024-01-28T18:12:35","modified_gmt":"2024-01-28T18:12:35","slug":"contacte","status":"publish","type":"page","link":"https:\/\/escoletakoala.es\/ca\/contacte\/","title":{"rendered":"Contacte"},"content":{"rendered":"<section class=\"wpb-content-wrapper\"><p>[vc_row css=&#8221;.vc_custom_1435087865321{margin-right: 0px !important;margin-left: 0px !important;}&#8221;][vc_column][vc_custom_heading text=&#8221;Contacta&#8217;ns&#8221; font_container=&#8221;tag:div|font_size:42px|text_align:center|color:%23704825&#8243; use_theme_fonts=&#8221;yes&#8221; el_class=&#8221;custom-header-title&#8221; css=&#8221;.vc_custom_1547113140086{padding-bottom: 30px !important;}&#8221;][\/vc_column][\/vc_row][vc_row css=&#8221;.vc_custom_1457029699671{margin-top: 10px !important;margin-bottom: 0px !important;}&#8221; el_class=&#8221;ztl-contact-info&#8221;][vc_column width=&#8221;1\/2&#8243;][vc_row_inner el_class=&#8221;ztl-contact-form&#8221;][vc_column_inner]\n<div class=\"wpcf7 no-js\" id=\"wpcf7-f8870-o1\" lang=\"ca\" dir=\"ltr\" data-wpcf7-id=\"8870\">\n<div class=\"screen-reader-response\"><p role=\"status\" aria-live=\"polite\" aria-atomic=\"true\"><\/p> <ul><\/ul><\/div>\n<form action=\"\/ca\/wp-json\/wp\/v2\/pages\/8336#wpcf7-f8870-o1\" method=\"post\" class=\"wpcf7-form init\" aria-label=\"Formulari de contacte\" novalidate=\"novalidate\" data-status=\"init\">\n<div style=\"display: none;\">\n<input type=\"hidden\" name=\"_wpcf7\" value=\"8870\" \/>\n<input type=\"hidden\" name=\"_wpcf7_version\" value=\"6.0.6\" \/>\n<input type=\"hidden\" name=\"_wpcf7_locale\" value=\"ca\" \/>\n<input type=\"hidden\" name=\"_wpcf7_unit_tag\" value=\"wpcf7-f8870-o1\" \/>\n<input type=\"hidden\" name=\"_wpcf7_container_post\" value=\"0\" \/>\n<input type=\"hidden\" name=\"_wpcf7_posted_data_hash\" value=\"\" \/>\n<input type=\"hidden\" name=\"_wpcf7_recaptcha_response\" value=\"\" \/>\n<\/div>\n<p><span class=\"wpcf7-form-control-wrap\" data-name=\"your-name\"><input size=\"40\" maxlength=\"400\" class=\"wpcf7-form-control wpcf7-text wpcf7-validates-as-required\" aria-required=\"true\" aria-invalid=\"false\" placeholder=\"Nom*\" value=\"\" type=\"text\" name=\"your-name\" \/><\/span>\n<\/p>\n<p><span class=\"wpcf7-form-control-wrap\" data-name=\"telf\"><input size=\"40\" maxlength=\"400\" class=\"wpcf7-form-control wpcf7-tel wpcf7-validates-as-required wpcf7-text wpcf7-validates-as-tel\" aria-required=\"true\" aria-invalid=\"false\" placeholder=\"Tel\u00e8fon*\" value=\"\" type=\"tel\" name=\"telf\" \/><\/span>\n<\/p>\n<p><span class=\"wpcf7-form-control-wrap\" data-name=\"your-email\"><input size=\"40\" maxlength=\"400\" class=\"wpcf7-form-control wpcf7-email wpcf7-validates-as-required wpcf7-text wpcf7-validates-as-email\" aria-required=\"true\" aria-invalid=\"false\" placeholder=\"Email*\" value=\"\" type=\"email\" name=\"your-email\" \/><\/span>\n<\/p>\n<p><span class=\"wpcf7-form-control-wrap\" data-name=\"comonosconoces\"><input size=\"40\" maxlength=\"400\" class=\"wpcf7-form-control wpcf7-text wpcf7-validates-as-required\" aria-required=\"true\" aria-invalid=\"false\" placeholder=\"Com ens vas trobar?*\" value=\"\" type=\"text\" name=\"comonosconoces\" \/><\/span>\n<\/p>\n<p><span class=\"wpcf7-form-control-wrap\" data-name=\"your-message\"><textarea cols=\"40\" rows=\"10\" maxlength=\"2000\" class=\"wpcf7-form-control wpcf7-textarea\" aria-invalid=\"false\" placeholder=\"Explica&#039;ns si busques una escola, any de naixement del nad\u00f3, qu\u00e8 \u00e9s important per a tu, quan comen\u00e7aria, etc\" name=\"your-message\"><\/textarea><\/span>\n<\/p>\n<p><input class=\"wpcf7-form-control wpcf7-submit has-spinner\" type=\"submit\" value=\"Enviar\" \/>\n<\/p><p style=\"display: none !important;\" class=\"akismet-fields-container\" data-prefix=\"_wpcf7_ak_\"><label>&#916;<textarea name=\"_wpcf7_ak_hp_textarea\" cols=\"45\" rows=\"8\" maxlength=\"100\"><\/textarea><\/label><input type=\"hidden\" id=\"ak_js_1\" name=\"_wpcf7_ak_js\" value=\"54\"\/><script>document.getElementById( \"ak_js_1\" ).setAttribute( \"value\", ( new Date() ).getTime() );<\/script><\/p><div class=\"wpcf7-response-output\" aria-hidden=\"true\"><\/div>\n<\/form>\n<\/div>\n[\/vc_column_inner][\/vc_row_inner][\/vc_column][vc_column width=&#8221;1\/2&#8243; el_class=&#8221;ztl-divider-top-768&#8243;][vc_row_inner css=&#8221;.vc_custom_1435183384637{margin-top: -35px !important;}&#8221;][vc_column_inner width=&#8221;1\/2&#8243; css=&#8221;.vc_custom_1435183372370{margin-top: 35px !important;}&#8221;][vc_column_text]<span style=\"color: #704825; font-size: 24px;\">Detalls de contacte<\/span><\/p>\n<p style=\"font-size: 16px;\">c\/16 de Juliol n\u00ba87-2\u00ba<br \/>\nPol\u00edgon Son Castell\u00f3<br \/>\nPalmell de Mallorca.<\/p>\n<p style=\"font-size: 16px;\">Tel\u00e8fon: <a href=\"tel:+34971904057\">971904057<\/a><\/p>\n<p>WhatApp: <a href=\"https:\/\/wa.me\/message\/AJIPUECCEWAZH1\" target=\"_blank\" rel=\"noopener\">608536730<\/a>[\/vc_column_text][\/vc_column_inner][vc_column_inner width=&#8221;1\/2&#8243; css=&#8221;.vc_custom_1435183328613{margin-top: 35px !important;}&#8221;][vc_column_text]<span style=\"color: #704825; font-size: 24px;\">Horari<\/span><\/p>\n<p style=\"font-size: 16px;\">Dilluns &#8211; Divendres,<br \/>\n7.00h \u2013 17.00h<\/p>\n<p><strong>Obert tot l\u00b4any<\/strong>[\/vc_column_text][\/vc_column_inner][\/vc_row_inner][vc_single_image image=&#8221;8084&#8243;][\/vc_column][\/vc_row][vc_row css=&#8221;.vc_custom_1549670523418{margin-bottom: -200px !important;}&#8221;][vc_column][vc_custom_heading text=&#8221;Troba&#8217;ns:&#8221; font_container=&#8221;tag:div|font_size:42px|text_align:center|color:%23704825&#8243; use_theme_fonts=&#8221;yes&#8221; el_class=&#8221;custom-header-title&#8221; css=&#8221;.vc_custom_1549581683252{padding-bottom: 30px !important;}&#8221;][vc_empty_space][\/vc_column][\/vc_row][vc_row][vc_column width=&#8221;1\/2&#8243;][vc_gmaps link=&#8221;#E-8_JTNDaWZyYW1lJTIwc3JjJTNEJTIyaHR0cHMlM0ElMkYlMkZ3d3cuZ29vZ2xlLmNvbSUyRm1hcHMlMkZlbWJlZCUzRnBiJTNEJTIxMW0xOCUyMTFtMTIlMjExbTMlMjExZDMwNzMuODM0MjU2MTg1MDIzJTIxMmQyLjY1ODk2NTUxNTIyNTIyNjclMjEzZDM5LjYwODQxNTk3OTQ2NzE4JTIxMm0zJTIxMWYwJTIxMmYwJTIxM2YwJTIxM20yJTIxMWkxMDI0JTIxMmk3NjglMjE0ZjEzLjElMjEzbTMlMjExbTIlMjExczB4MTI5NzkzMTk4NGM4ODI2ZCUyNTNBMHgzNjEyNzg2ZGU2ZTk5MWUlMjEyc0VzY29sZXRhJTJCS29hbGElMkItJTJCUG9sJTI1QzMlMjVBRGdvbm8lMkJkZSUyQlNvbiUyQkNhc3RlbGwlMjVDMyUyNUIzJTIxNWUwJTIxM20yJTIxMXNlbiUyMTJzZnIlMjE0djE1NDk2NzE0MjIwMDklMjIlMjB3aWR0aCUzRCUyMjYwMCUyMiUyMGhlaWdodCUzRCUyMjQ1MCUyMiUyMGZyYW1lYm9yZGVyJTNEJTIyMCUyMiUyMHN0eWxlJTNEJTIyYm9yZGVyJTNBMCUyMiUyMGFsbG93ZnVsbHNjcmVlbiUzRCUyMiUyMiUzRSUzQyUyRmlmcmFtZSUzRQ==&#8221; size=&#8221;600&#8243;][\/vc_column][vc_column width=&#8221;1\/2&#8243;][vc_single_image image=&#8221;7914&#8243; img_size=&#8221;large&#8221; style=&#8221;vc_box_rounded&#8221; css_animation=&#8221;fadeInRight&#8221; title=&#8221;Entrada a l&#8217;Escoleta&#8221;][vc_column_text]L&#8217;escoleta es troba a tota la planta 2n damunt del concessionari Volkswagen. L\u00b4entrada est\u00e0 pel lateral dret i accessible amb ascensor.<\/p>\n<p>Per al lliurament i recollida de nens al mat\u00ed podeu fer servir temporalment qualsevol espai lliure que no molesti, o el p\u00e0rquing per a clients de Ciclos Gomila, davant de Volkswagen.[\/vc_column_text][\/vc_column][\/vc_row][vc_row css=&#8221;.vc_custom_1549670523418{margin-bottom: -200px !important;}&#8221;][vc_column][vc_custom_heading text=&#8221;Aparcament:&#8221; font_container=&#8221;tag:div|font_size:42px|text_align:center|color:%23704825&#8243; use_theme_fonts=&#8221;yes&#8221; el_class=&#8221;custom-header-title&#8221; css=&#8221;.vc_custom_1674214344558{padding-bottom: 30px !important;}&#8221;][vc_empty_space][vc_single_image image=&#8221;8329&#8243; img_size=&#8221;full&#8221;][\/vc_column][\/vc_row][vc_row css=&#8221;.vc_custom_1614033128859{margin-top: 10px !important;padding-top: 10px !important;}&#8221;][vc_column][vc_raw_html]W3RydXN0aW5kZXggbm8tcmVnaXN0cmF0aW9uPSJnb29nbGUiXQ==[\/vc_raw_html][\/vc_column][\/vc_row]<\/p>\n<\/section>","protected":false},"excerpt":{"rendered":"<p>[vc_row css=&#8221;.vc_custom_1435087865321{margin-right: 0px !important;margin-left: 0px !important;}&#8221;][vc_column][vc_custom_heading text=&#8221;Contacta&#8217;ns&#8221; font_container=&#8221;tag:div|font_size:42px|text_align:center|color:%23704825&#8243; use_theme_fonts=&#8221;yes&#8221; el_class=&#8221;custom-header-title&#8221; css=&#8221;.vc_custom_1547113140086{padding-bottom: 30px !important;}&#8221;][\/vc_column][\/vc_row][vc_row css=&#8221;.vc_custom_1457029699671{margin-top: 10px !important;margin-bottom: 0px !important;}&#8221; el_class=&#8221;ztl-contact-info&#8221;][vc_column width=&#8221;1\/2&#8243;][vc_row_inner el_class=&#8221;ztl-contact-form&#8221;][vc_column_inner][\/vc_column_inner][\/vc_row_inner][\/vc_column][vc_column width=&#8221;1\/2&#8243; el_class=&#8221;ztl-divider-top-768&#8243;][vc_row_inner css=&#8221;.vc_custom_1435183384637{margin-top: -35px !important;}&#8221;][vc_column_inner width=&#8221;1\/2&#8243; css=&#8221;.vc_custom_1435183372370{margin-top: 35px !important;}&#8221;][vc_column_text]Detalls [&hellip;]<\/p>\n","protected":false},"author":1,"featured_media":8040,"parent":0,"menu_order":0,"comment_status":"open","ping_status":"open","template":"template-contact-2.php","meta":{"_price":"","_stock":"","_tribe_ticket_header":"","_tribe_default_ticket_provider":"","_tribe_ticket_capacity":"0","_ticket_start_date":"","_ticket_end_date":"","_tribe_ticket_show_description":"","_tribe_ticket_show_not_going":false,"_tribe_ticket_use_global_stock":"","_tribe_ticket_global_stock_level":"","_global_stock_mode":"","_global_stock_cap":"","_tribe_rsvp_for_event":"","_tribe_ticket_going_count":"","_tribe_ticket_not_going_count":"","_tribe_tickets_list":"[]","_tribe_ticket_has_attendee_info_fields":false,"footnotes":""},"class_list":["post-8336","page","type-page","status-publish","has-post-thumbnail","hentry"],"_links":{"self":[{"href":"https:\/\/escoletakoala.es\/ca\/wp-json\/wp\/v2\/pages\/8336","targetHints":{"allow":["GET"]}}],"collection":[{"href":"https:\/\/escoletakoala.es\/ca\/wp-json\/wp\/v2\/pages"}],"about":[{"href":"https:\/\/escoletakoala.es\/ca\/wp-json\/wp\/v2\/types\/page"}],"author":[{"embeddable":true,"href":"https:\/\/escoletakoala.es\/ca\/wp-json\/wp\/v2\/users\/1"}],"replies":[{"embeddable":true,"href":"https:\/\/escoletakoala.es\/ca\/wp-json\/wp\/v2\/comments?post=8336"}],"version-history":[{"count":4,"href":"https:\/\/escoletakoala.es\/ca\/wp-json\/wp\/v2\/pages\/8336\/revisions"}],"predecessor-version":[{"id":11452,"href":"https:\/\/escoletakoala.es\/ca\/wp-json\/wp\/v2\/pages\/8336\/revisions\/11452"}],"wp:featuredmedia":[{"embeddable":true,"href":"https:\/\/escoletakoala.es\/ca\/wp-json\/wp\/v2\/media\/8040"}],"wp:attachment":[{"href":"https:\/\/escoletakoala.es\/ca\/wp-json\/wp\/v2\/media?parent=8336"}],"curies":[{"name":"wp","href":"https:\/\/api.w.org\/{rel}","templated":true}]}}